{"id":1798,"date":"2024-05-02T18:41:52","date_gmt":"2024-05-02T22:41:52","guid":{"rendered":"https:\/\/garceaujulien.evquebec.com\/home\/"},"modified":"2026-04-02T10:08:03","modified_gmt":"2026-04-02T14:08:03","slug":"home","status":"publish","type":"page","link":"https:\/\/garceaujulien.evquebec.com\/en\/","title":{"rendered":"Home"},"content":{"rendered":"\t\t<div data-elementor-type=\"wp-page\" data-elementor-id=\"1798\" class=\"elementor elementor-1798 elementor-17\" data-elementor-post-type=\"page\">\n\t\t\t\t<!-- dce invisible element c75bf92 --><div data-dce-background-overlay-color=\"#00000000\" class=\"elementor-element elementor-element-f71f5cf e-con-full e-flex e-con e-parent\" data-id=\"f71f5cf\" data-element_type=\"container\" data-e-type=\"container\" id=\"mod-image\" data-settings=\"{&quot;background_background&quot;:&quot;slideshow&quot;,&quot;background_slideshow_gallery&quot;:[{&quot;id&quot;:3288,&quot;url&quot;:&quot;https:\\\/\\\/marie-helenepoulin.evquebec.com\\\/wp-content\\\/uploads\\\/2024\\\/07\\\/Owen-Sound.webp&quot;},{&quot;id&quot;:3702,&quot;url&quot;:&quot;https:\\\/\\\/marie-helenepoulin.evquebec.com\\\/wp-content\\\/uploads\\\/2024\\\/11\\\/Photo-RC.jpg&quot;}],&quot;background_slideshow_slide_duration&quot;:4000,&quot;background_slideshow_lazyload&quot;:&quot;yes&quot;,&quot;background_slideshow_loop&quot;:&quot;yes&quot;,&quot;background_slideshow_slide_transition&quot;:&quot;fade&quot;,&quot;background_slideshow_transition_duration&quot;:500}\">\n\t\t<div class=\"elementor-element elementor-element-e82c0d7 e-con-full e-flex e-con e-child\" data-id=\"e82c0d7\" data-element_type=\"container\" data-e-type=\"container\">\n\t\t\t\t<div class=\"elementor-element elementor-element-a4aca17 elementor-widget elementor-widget-image\" data-id=\"a4aca17\" data-element_type=\"widget\" data-e-type=\"widget\" data-widget_type=\"image.default\">\n\t\t\t\t<div class=\"elementor-widget-container\">\n\t\t\t\t\t\t\t\t\t\t\t\t\t\t\t<img decoding=\"async\" src=\"https:\/\/garceaujulien.evquebec.com\/wp-content\/uploads\/2024\/05\/EV_Logo_White_CMYK_R.svg\" class=\"attachment-full size-full wp-image-2972\" alt=\"\">\t\t\t\t\t\t\t\t\t\t\t\t\t\t\t<\/div>\n\t\t\t\t<\/div>\n\t\t\t\t<div class=\"elementor-element elementor-element-7210827 align-dce-center animated-slow align-dce-center elementor-invisible elementor-widget elementor-widget-dyncontel-acf\" data-id=\"7210827\" data-element_type=\"widget\" data-e-type=\"widget\" data-settings=\"{&quot;acf_field_list&quot;:&quot;broker_name&quot;,&quot;_animation&quot;:&quot;fadeInDown&quot;,&quot;_animation_delay&quot;:200,&quot;acf_type&quot;:&quot;text&quot;}\" data-widget_type=\"dyncontel-acf.default\">\n\t\t\t\t<div class=\"elementor-widget-container\">\n\t\t\t\t\t<h1 class=\"dynamic-content-for-elementor-acf \">Manon Garceau<\/h1>\t\t\t\t<\/div>\n\t\t\t\t<\/div>\n\t\t\t\t<div class=\"elementor-element elementor-element-2e0b708 align-dce-center animated-slow align-dce-center elementor-invisible elementor-widget elementor-widget-dyncontel-acf\" data-id=\"2e0b708\" data-element_type=\"widget\" data-e-type=\"widget\" data-settings=\"{&quot;acf_field_list&quot;:&quot;broker_name&quot;,&quot;_animation&quot;:&quot;fadeInDown&quot;,&quot;_animation_delay&quot;:200,&quot;acf_type&quot;:&quot;text&quot;}\" data-widget_type=\"dyncontel-acf.default\">\n\t\t\t\t<div class=\"elementor-widget-container\">\n\t\t\t\t\t<h1 class=\"dynamic-content-for-elementor-acf \">Antoine Julien<\/h1>\t\t\t\t<\/div>\n\t\t\t\t<\/div>\n\t\t\t\t<div data-dce-background-color=\"#24232300\" class=\"elementor-element elementor-element-6533bd6 elementor-mobile-align-left animated-slow elementor-align-center elementor-invisible elementor-widget elementor-widget-button\" data-id=\"6533bd6\" data-element_type=\"widget\" data-e-type=\"widget\" data-settings=\"{&quot;_animation&quot;:&quot;fadeInUp&quot;,&quot;_animation_delay&quot;:700}\" data-widget_type=\"button.default\">\n\t\t\t\t<div class=\"elementor-widget-container\">\n\t\t\t\t\t\t\t\t\t<div class=\"elementor-button-wrapper\">\n\t\t\t\t\t<a class=\"elementor-button elementor-button-link elementor-size-sm\" href=\"https:\/\/garceaujulien.evquebec.com\/en\/contact\/\">\n\t\t\t\t\t\t<span class=\"elementor-button-content-wrapper\">\n\t\t\t\t\t\t\t\t\t<span class=\"elementor-button-text\">Are you looking to buy or sell?<\/span>\n\t\t\t\t\t<\/span>\n\t\t\t\t\t<\/a>\n\t\t\t\t<\/div>\n\t\t\t\t\t\t\t\t<\/div>\n\t\t\t\t<\/div>\n\t\t\t\t<div class=\"elementor-element elementor-element-49795ab elementor-widget elementor-widget-standalone_search\" data-id=\"49795ab\" data-element_type=\"widget\" data-e-type=\"widget\" data-widget_type=\"standalone_search.default\">\n\t\t\t\t<div class=\"elementor-widget-container\">\n\t\t\t\t\t        <div id=\"react_public-standalone-search\"\n             class=\"evq-elementor-widget evq-standalone_search\"\n             data-ewidget_name=\"standalone_search\"\n        ><\/div>\n        <script>\n            \/\/ those vars are already in proper JSON format since we omitted `htmlspecialchars`\n            window.zdata = {\n                lang: \"en\",\n                rest_nonce: \"\",\n                rest_url: \"https:\/\/garceaujulien.evquebec.com\/en\/wp-json\/\",\n                upload_url: \"https:\/\/garceaujulien.evquebec.com\/wp-content\/uploads\",\n                upload_full: {\"path\":\"\\\/sites\\\/garceaujulien.evquebec.com\\\/files\\\/wp-content\\\/uploads\\\/2026\\\/05\",\"url\":\"https:\\\/\\\/garceaujulien.evquebec.com\\\/wp-content\\\/uploads\\\/2026\\\/05\",\"subdir\":\"\\\/2026\\\/05\",\"basedir\":\"\\\/sites\\\/garceaujulien.evquebec.com\\\/files\\\/wp-content\\\/uploads\",\"baseurl\":\"https:\\\/\\\/garceaujulien.evquebec.com\\\/wp-content\\\/uploads\",\"error\":false},\n                translations: {\"texte1\":\"Texte 1\",\"texte2\":\"Texte 2\"},\n                broker_id: null,\n                url_listing_single: \"https:\/\/garceaujulien.evquebec.com\/propriete\/\",\n                url_listing_all: \"https:\/\/garceaujulien.evquebec.com\/proprietes\/\"\n            }\n        <\/script>\n        \t\t\t\t<\/div>\n\t\t\t\t<\/div>\n\t\t\t\t<\/div>\n\t\t\t\t<\/div>\n\t\t<div class=\"elementor-element elementor-element-2636f84 e-flex e-con-boxed e-con e-parent\" data-id=\"2636f84\" data-element_type=\"container\" data-e-type=\"container\">\n\t\t\t\t\t<div class=\"e-con-inner\">\n\t\t\t\t<div class=\"elementor-element elementor-element-a3eadfb elementor-widget elementor-widget-heading\" data-id=\"a3eadfb\" data-element_type=\"widget\" data-e-type=\"widget\" data-widget_type=\"heading.default\">\n\t\t\t\t<div class=\"elementor-widget-container\">\n\t\t\t\t\t<h3 class=\"elementor-heading-title elementor-size-default\">Our listings<\/h3>\t\t\t\t<\/div>\n\t\t\t\t<\/div>\n\t\t\t\t<div data-dce-background-color=\"#FFFFFF00\" class=\"elementor-element elementor-element-f3668c8 elementor-align-center elementor-mobile-align-center elementor-widget elementor-widget-button\" data-id=\"f3668c8\" data-element_type=\"widget\" data-e-type=\"widget\" data-widget_type=\"button.default\">\n\t\t\t\t<div class=\"elementor-widget-container\">\n\t\t\t\t\t\t\t\t\t<div class=\"elementor-button-wrapper\">\n\t\t\t\t\t<a class=\"elementor-button elementor-button-link elementor-size-sm\" href=\"https:\/\/garceaujulien.evquebec.com\/en\/properties\/\">\n\t\t\t\t\t\t<span class=\"elementor-button-content-wrapper\">\n\t\t\t\t\t\t\t\t\t<span class=\"elementor-button-text\">See all properties<\/span>\n\t\t\t\t\t<\/span>\n\t\t\t\t\t<\/a>\n\t\t\t\t<\/div>\n\t\t\t\t\t\t\t\t<\/div>\n\t\t\t\t<\/div>\n\t\t\t\t<div class=\"elementor-element elementor-element-ca096be elementor-widget elementor-widget-listing_grid\" data-id=\"ca096be\" data-element_type=\"widget\" data-e-type=\"widget\" data-widget_type=\"listing_grid.default\">\n\t\t\t\t<div class=\"elementor-widget-container\">\n\t\t\t\t\t        <div id=\"react_public-listings\"\n             class=\"evq-elementor-widget evq-listing_grid\"\n             data-ewidget_name=\"listing_grid\"\n        ><\/div>\n        <script>\n            \/\/ those vars are already in proper JSON format since we omitted `htmlspecialchars`\n            window.zdata = {\n                lang: \"en\",\n                rest_nonce: \"\",\n                rest_url: \"https:\/\/garceaujulien.evquebec.com\/en\/wp-json\/\",\n                upload_url: \"https:\/\/garceaujulien.evquebec.com\/wp-content\/uploads\",\n                upload_full: {\"path\":\"\\\/sites\\\/garceaujulien.evquebec.com\\\/files\\\/wp-content\\\/uploads\\\/2026\\\/05\",\"url\":\"https:\\\/\\\/garceaujulien.evquebec.com\\\/wp-content\\\/uploads\\\/2026\\\/05\",\"subdir\":\"\\\/2026\\\/05\",\"basedir\":\"\\\/sites\\\/garceaujulien.evquebec.com\\\/files\\\/wp-content\\\/uploads\",\"baseurl\":\"https:\\\/\\\/garceaujulien.evquebec.com\\\/wp-content\\\/uploads\",\"error\":false},\n                translations: {\"texte1\":\"Texte 1\",\"texte2\":\"Texte 2\"},\n                paginate: false,\n                counter: false,\n                per_page: 9,\n                random: true,\n                threshold_price: 1000000,\n                filter: false,\n                search: false,\n                sorting: false,\n                gmaps: false,\n                broker_id: null,\n                url_listing_single: \"https:\/\/garceaujulien.evquebec.com\/propriete\/\",\n                url_listing_all: \"https:\/\/garceaujulien.evquebec.com\/proprietes\/\"\n            }\n        <\/script>\n        \t\t\t\t<\/div>\n\t\t\t\t<\/div>\n\t\t\t\t<div data-dce-background-color=\"#FFFFFF00\" class=\"elementor-element elementor-element-62317b9 elementor-align-center elementor-mobile-align-center elementor-widget elementor-widget-button\" data-id=\"62317b9\" data-element_type=\"widget\" data-e-type=\"widget\" data-widget_type=\"button.default\">\n\t\t\t\t<div class=\"elementor-widget-container\">\n\t\t\t\t\t\t\t\t\t<div class=\"elementor-button-wrapper\">\n\t\t\t\t\t<a class=\"elementor-button elementor-button-link elementor-size-sm\" href=\"https:\/\/garceaujulien.evquebec.com\/en\/properties\/\">\n\t\t\t\t\t\t<span class=\"elementor-button-content-wrapper\">\n\t\t\t\t\t\t\t\t\t<span class=\"elementor-button-text\">See all properties<\/span>\n\t\t\t\t\t<\/span>\n\t\t\t\t\t<\/a>\n\t\t\t\t<\/div>\n\t\t\t\t\t\t\t\t<\/div>\n\t\t\t\t<\/div>\n\t\t\t\t\t<\/div>\n\t\t\t\t<\/div>\n\t\t<div class=\"elementor-element elementor-element-500947d e-flex e-con-boxed e-con e-parent\" data-id=\"500947d\" data-element_type=\"container\" data-e-type=\"container\">\n\t\t\t\t\t<div class=\"e-con-inner\">\n\t\t\t\t<div class=\"elementor-element elementor-element-ec98fd5 elementor-widget elementor-widget-heading\" data-id=\"ec98fd5\" data-element_type=\"widget\" data-e-type=\"widget\" data-widget_type=\"heading.default\">\n\t\t\t\t<div class=\"elementor-widget-container\">\n\t\t\t\t\t<h3 class=\"elementor-heading-title elementor-size-default\">What sets us apart...<\/h3>\t\t\t\t<\/div>\n\t\t\t\t<\/div>\n\t\t\t\t<div class=\"elementor-element elementor-element-ad95b99 elementor-testimonial--skin-default elementor-testimonial--layout-image_inline elementor-testimonial--align-center elementor-pagination-type-bullets elementor-widget elementor-widget-testimonial-carousel\" data-id=\"ad95b99\" data-element_type=\"widget\" data-e-type=\"widget\" data-settings=\"{&quot;slides_per_view&quot;:&quot;2&quot;,&quot;slides_per_view_laptop&quot;:&quot;2&quot;,&quot;slides_per_view_tablet_extra&quot;:&quot;2&quot;,&quot;slides_to_scroll&quot;:&quot;1&quot;,&quot;slides_to_scroll_laptop&quot;:&quot;1&quot;,&quot;space_between&quot;:{&quot;unit&quot;:&quot;px&quot;,&quot;size&quot;:75,&quot;sizes&quot;:[]},&quot;space_between_laptop&quot;:{&quot;unit&quot;:&quot;px&quot;,&quot;size&quot;:75,&quot;sizes&quot;:[]},&quot;space_between_tablet_extra&quot;:{&quot;unit&quot;:&quot;px&quot;,&quot;size&quot;:65,&quot;sizes&quot;:[]},&quot;pagination&quot;:&quot;bullets&quot;,&quot;speed&quot;:500,&quot;autoplay&quot;:&quot;yes&quot;,&quot;autoplay_speed&quot;:5000,&quot;loop&quot;:&quot;yes&quot;,&quot;pause_on_hover&quot;:&quot;yes&quot;,&quot;pause_on_interaction&quot;:&quot;yes&quot;,&quot;space_between_tablet&quot;:{&quot;unit&quot;:&quot;px&quot;,&quot;size&quot;:10,&quot;sizes&quot;:[]},&quot;space_between_mobile&quot;:{&quot;unit&quot;:&quot;px&quot;,&quot;size&quot;:10,&quot;sizes&quot;:[]}}\" data-widget_type=\"testimonial-carousel.default\">\n\t\t\t\t<div class=\"elementor-widget-container\">\n\t\t\t\t\t\t\t\t\t<div class=\"elementor-swiper\">\n\t\t\t\t\t<div class=\"elementor-main-swiper swiper\" role=\"region\" aria-roledescription=\"carousel\" aria-label=\"Diapositives\">\n\t\t\t\t<div class=\"swiper-wrapper\">\n\t\t\t\t\t\t\t\t\t\t\t<div class=\"swiper-slide\" role=\"group\" aria-roledescription=\"slide\">\n\t\t\t\t\t\t\t\t\t<div class=\"elementor-testimonial\">\n\t\t\t\t\t\t\t<div class=\"elementor-testimonial__content\">\n\t\t\t\t\t<div class=\"elementor-testimonial__text\">\n\t\t\t\t\t\t<p>Excellence ! Merci Manon pour ton professionnalisme et ton efficacit\u00e9. C'est un plaisir de travailler avec toi, tout est pris en charge et r\u00e9gl\u00e9 rapidement. Merci Antoine aussi&nbsp;! Chacune des op\u00e9rations que nous avons faites<br \/>\nensemble ont \u00e9t\u00e9 un succ\u00e8s. Vous \u00eates les meilleurs.    <\/p>\n\t\t\t\t\t<\/div>\n\t\t\t\t\t\t\t\t\t<\/div>\n\t\t\t\t\t\t<div class=\"elementor-testimonial__footer\">\n\t\t\t\t\t\t\t\t<cite class=\"elementor-testimonial__cite\"><span class=\"elementor-testimonial__name\">Mich\u00e8le Barre - Outremont<\/span><\/cite>\t\t\t<\/div>\n\t\t<\/div>\n\t\t\t\t\t\t\t\t<\/div>\n\t\t\t\t\t\t\t\t\t\t\t<div class=\"swiper-slide\" role=\"group\" aria-roledescription=\"slide\">\n\t\t\t\t\t\t\t\t\t<div class=\"elementor-testimonial\">\n\t\t\t\t\t\t\t<div class=\"elementor-testimonial__content\">\n\t\t\t\t\t<div class=\"elementor-testimonial__text\">\n\t\t\t\t\t\t<p>Professionnalisme \u2013 Je vous recommande Manon sans h\u00e9sitation pour l\u2019achat ou la vente de votre maison. Son professionnalisme, sa disponibilit\u00e9, son \u00e9coute, son efficacit\u00e9 sont parmi ses nombreuses qualit\u00e9s - vous serez enti\u00e8rement satisfait&nbsp;! <\/p>\n\t\t\t\t\t<\/div>\n\t\t\t\t\t\t\t\t\t<\/div>\n\t\t\t\t\t\t<div class=\"elementor-testimonial__footer\">\n\t\t\t\t\t\t\t\t<cite class=\"elementor-testimonial__cite\"><span class=\"elementor-testimonial__name\">Karel Cossette -Outremont<\/span><\/cite>\t\t\t<\/div>\n\t\t<\/div>\n\t\t\t\t\t\t\t\t<\/div>\n\t\t\t\t\t\t\t\t\t\t\t<div class=\"swiper-slide\" role=\"group\" aria-roledescription=\"slide\">\n\t\t\t\t\t\t\t\t\t<div class=\"elementor-testimonial\">\n\t\t\t\t\t\t\t<div class=\"elementor-testimonial__content\">\n\t\t\t\t\t<div class=\"elementor-testimonial__text\">\n\t\t\t\t\t\t<p>Merci pour ton professionnalisme&nbsp;!! Rencontrer Manon a \u00e9t\u00e9 une des grandes chances dans notre installation \u00e0 Montr\u00e9al. Son professionnalisme, ses conseils avis\u00e9s et sa gentillesse ont fait beaucoup pour nous aider \u00e0 r\u00e9ussir ce projet d\u00e9licat. Nous nous f\u00e9licitons tous les jours d'avoir b\u00e9n\u00e9fici\u00e9 de son aide.  <\/p>\n\t\t\t\t\t<\/div>\n\t\t\t\t\t\t\t\t\t<\/div>\n\t\t\t\t\t\t<div class=\"elementor-testimonial__footer\">\n\t\t\t\t\t\t\t\t<cite class=\"elementor-testimonial__cite\"><span class=\"elementor-testimonial__name\">Christophe Hennebelle - Outremont<\/span><\/cite>\t\t\t<\/div>\n\t\t<\/div>\n\t\t\t\t\t\t\t\t<\/div>\n\t\t\t\t\t\t\t\t\t\t\t<div class=\"swiper-slide\" role=\"group\" aria-roledescription=\"slide\">\n\t\t\t\t\t\t\t\t\t<div class=\"elementor-testimonial\">\n\t\t\t\t\t\t\t<div class=\"elementor-testimonial__content\">\n\t\t\t\t\t<div class=\"elementor-testimonial__text\">\n\t\t\t\t\t\t<p>Une touche tr\u00e8s humaine et rigoureuse. Merci Manon de m'avoir assist\u00e9 dans l'achat de ma maison de r\u00eave dans un march\u00e9 de vendeur c-o-m-p-l-\u00e8-t-e-m-e-m-e-n-t fou&nbsp;! Merci d'avoir pris le temps de rencontrer toute ma famille, d'avoir \u00e9cout\u00e9 nos besoins et d'avoir eu la patience de nous accompagner au cours d'un long processus de recherche (en pleine pand\u00e9mie&nbsp;!). Tu nous as accompagn\u00e9s avec autant de rigueur que de douceur. Merci pour ta<br \/>\nsensibilit\u00e9, pour tes sages conseils\u2026   <\/p>\n\t\t\t\t\t<\/div>\n\t\t\t\t\t\t\t\t\t<\/div>\n\t\t\t\t\t\t<div class=\"elementor-testimonial__footer\">\n\t\t\t\t\t\t\t\t<cite class=\"elementor-testimonial__cite\"><span class=\"elementor-testimonial__name\">Jeff Stinco - Outremont<\/span><\/cite>\t\t\t<\/div>\n\t\t<\/div>\n\t\t\t\t\t\t\t\t<\/div>\n\t\t\t\t\t\t\t\t\t\t\t<div class=\"swiper-slide\" role=\"group\" aria-roledescription=\"slide\">\n\t\t\t\t\t\t\t\t\t<div class=\"elementor-testimonial\">\n\t\t\t\t\t\t\t<div class=\"elementor-testimonial__content\">\n\t\t\t\t\t<div class=\"elementor-testimonial__text\">\n\t\t\t\t\t\t<p>Une \u00e9quipe exceptionnelle. Une super \u00e9quipe professionnelle et tr\u00e8s agr\u00e9able. Vente en une semaine. Ils nous ont m\u00eame aid\u00e9 \u00e0 trouver notre nouvel appartement. Nous recommandons les yeux ferm\u00e9s.    <\/p>\n\t\t\t\t\t<\/div>\n\t\t\t\t\t\t\t\t\t<\/div>\n\t\t\t\t\t\t<div class=\"elementor-testimonial__footer\">\n\t\t\t\t\t\t\t\t<cite class=\"elementor-testimonial__cite\"><span class=\"elementor-testimonial__name\">Martine H\u00e9bert - Le Plateau Mont Royal<\/span><\/cite>\t\t\t<\/div>\n\t\t<\/div>\n\t\t\t\t\t\t\t\t<\/div>\n\t\t\t\t\t\t\t\t\t\t\t<div class=\"swiper-slide\" role=\"group\" aria-roledescription=\"slide\">\n\t\t\t\t\t\t\t\t\t<div class=\"elementor-testimonial\">\n\t\t\t\t\t\t\t<div class=\"elementor-testimonial__content\">\n\t\t\t\t\t<div class=\"elementor-testimonial__text\">\n\t\t\t\t\t\t<p>Efficacit\u00e9, strat\u00e9gie, \u00e9l\u00e9gance et sympathie. Nous avons fait affaire avec ce duo de choc pour l'achat d'un bien, puis la vente d'un autre, et des deux c\u00f4t\u00e9s, nous sortons ravis par le professionnalisme, l'accessibilit\u00e9, la disponibilit\u00e9, et bien s\u00fbr la connaissance du march\u00e9 de Manon et Antoine. <\/p>\n\t\t\t\t\t<\/div>\n\t\t\t\t\t\t\t\t\t<\/div>\n\t\t\t\t\t\t<div class=\"elementor-testimonial__footer\">\n\t\t\t\t\t\t\t\t<cite class=\"elementor-testimonial__cite\"><span class=\"elementor-testimonial__name\">G. Szriftgiser<\/span><\/cite>\t\t\t<\/div>\n\t\t<\/div>\n\t\t\t\t\t\t\t\t<\/div>\n\t\t\t\t\t\t\t\t\t<\/div>\n\t\t\t\t\t\t\t\t\t\t\t\t\t\t\t\t\t\t\t\t<div class=\"swiper-pagination\"><\/div>\n\t\t\t\t\t\t\t\t\t\t\t\t<\/div>\n\t\t\t\t<\/div>\n\t\t\t\t\t\t\t\t<\/div>\n\t\t\t\t<\/div>\n\t\t\t\t\t<\/div>\n\t\t\t\t<\/div>\n\t\t\t\t<\/div>\n\t\t","protected":false},"excerpt":{"rendered":"<p>Manon Garceau Antoine Julien Are you looking to buy or sell? Our listings See all properties See all properties What [&hellip;]<\/p>\n","protected":false},"author":1,"featured_media":0,"parent":0,"menu_order":0,"comment_status":"closed","ping_status":"closed","template":"","meta":{"_acf_changed":false,"site-sidebar-layout":"no-sidebar","site-content-layout":"","ast-site-content-layout":"full-width-container","site-content-style":"default","site-sidebar-style":"default","ast-global-header-display":"","ast-banner-title-visibility":"","ast-main-header-display":"","ast-hfb-above-header-display":"","ast-hfb-below-header-display":"","ast-hfb-mobile-header-display":"","site-post-title":"disabled","ast-breadcrumbs-content":"","ast-featured-img":"disabled","footer-sml-layout":"","ast-disable-related-posts":"","theme-transparent-header-meta":"","adv-header-id-meta":"","stick-header-meta":"","header-above-stick-meta":"","header-main-stick-meta":"","header-below-stick-meta":"","astra-migrate-meta-layouts":"default","ast-page-background-enabled":"default","ast-page-background-meta":{"desktop":{"background-color":"var(--ast-global-color-4)","background-image":"","background-repeat":"repeat","background-position":"center center","background-size":"auto","background-attachment":"scroll","background-type":"","background-media":"","overlay-type":"","overlay-color":"","overlay-opacity":"","overlay-gradient":""},"tablet":{"background-color":"","background-image":"","background-repeat":"repeat","background-position":"center center","background-size":"auto","background-attachment":"scroll","background-type":"","background-media":"","overlay-type":"","overlay-color":"","overlay-opacity":"","overlay-gradient":""},"mobile":{"background-color":"","background-image":"","background-repeat":"repeat","background-position":"center center","background-size":"auto","background-attachment":"scroll","background-type":"","background-media":"","overlay-type":"","overlay-color":"","overlay-opacity":"","overlay-gradient":""}},"ast-content-background-meta":{"desktop":{"background-color":"var(--ast-global-color-5)","background-image":"","background-repeat":"repeat","background-position":"center center","background-size":"auto","background-attachment":"scroll","background-type":"","background-media":"","overlay-type":"","overlay-color":"","overlay-opacity":"","overlay-gradient":""},"tablet":{"background-color":"var(--ast-global-color-5)","background-image":"","background-repeat":"repeat","background-position":"center center","background-size":"auto","background-attachment":"scroll","background-type":"","background-media":"","overlay-type":"","overlay-color":"","overlay-opacity":"","overlay-gradient":""},"mobile":{"background-color":"var(--ast-global-color-5)","background-image":"","background-repeat":"repeat","background-position":"center center","background-size":"auto","background-attachment":"scroll","background-type":"","background-media":"","overlay-type":"","overlay-color":"","overlay-opacity":"","overlay-gradient":""}},"footnotes":""},"class_list":["post-1798","page","type-page","status-publish","hentry"],"acf":[],"_links":{"self":[{"href":"https:\/\/garceaujulien.evquebec.com\/en\/wp-json\/wp\/v2\/pages\/1798","targetHints":{"allow":["GET"]}}],"collection":[{"href":"https:\/\/garceaujulien.evquebec.com\/en\/wp-json\/wp\/v2\/pages"}],"about":[{"href":"https:\/\/garceaujulien.evquebec.com\/en\/wp-json\/wp\/v2\/types\/page"}],"author":[{"embeddable":true,"href":"https:\/\/garceaujulien.evquebec.com\/en\/wp-json\/wp\/v2\/users\/1"}],"replies":[{"embeddable":true,"href":"https:\/\/garceaujulien.evquebec.com\/en\/wp-json\/wp\/v2\/comments?post=1798"}],"version-history":[{"count":10,"href":"https:\/\/garceaujulien.evquebec.com\/en\/wp-json\/wp\/v2\/pages\/1798\/revisions"}],"predecessor-version":[{"id":4210,"href":"https:\/\/garceaujulien.evquebec.com\/en\/wp-json\/wp\/v2\/pages\/1798\/revisions\/4210"}],"wp:attachment":[{"href":"https:\/\/garceaujulien.evquebec.com\/en\/wp-json\/wp\/v2\/media?parent=1798"}],"curies":[{"name":"wp","href":"https:\/\/api.w.org\/{rel}","templated":true}]}}